{"id":628,"date":"2009-05-06T11:43:24","date_gmt":"2009-05-06T16:43:24","guid":{"rendered":"https:\/\/polybrite.no\/index.php\/contact\/"},"modified":"2026-03-29T21:29:33","modified_gmt":"2026-03-29T21:29:33","slug":"kontakt","status":"publish","type":"page","link":"https:\/\/polybrite.no\/index.php\/kontakt\/","title":{"rendered":"Kontakt"},"content":{"rendered":"\t\t<div data-elementor-type=\"wp-page\" data-elementor-id=\"628\" class=\"elementor elementor-628\">\n\t\t\t\t\t\t<section class=\"elementor-section elementor-top-section elementor-element elementor-element-a036978 animated-fast elementor-section-boxed elementor-section-height-default elementor-section-height-default\" data-id=\"a036978\" data-element_type=\"section\" data-e-type=\"section\" data-settings=\"{&quot;animation&quot;:&quot;none&quot;,&quot;background_background&quot;:&quot;classic&quot;}\">\n\t\t\t\t\t\t\t<div class=\"elementor-background-overlay\"><\/div>\n\t\t\t\t\t\t\t<div class=\"elementor-container elementor-column-gap-no\">\n\t\t\t\t\t<div class=\"elementor-column elementor-col-100 elementor-top-column elementor-element elementor-element-780267f\" data-id=\"780267f\" data-element_type=\"column\" data-e-type=\"column\">\n\t\t\t<div class=\"elementor-widget-wrap elementor-element-populated\">\n\t\t\t\t\t\t<section class=\"elementor-section elementor-inner-section elementor-element elementor-element-6766937 elementor-section-boxed elementor-section-height-default elementor-section-height-default\" data-id=\"6766937\" data-element_type=\"section\" data-e-type=\"section\">\n\t\t\t\t\t\t<div class=\"elementor-container elementor-column-gap-default\">\n\t\t\t\t\t<div class=\"elementor-column elementor-col-50 elementor-inner-column elementor-element elementor-element-6e14bae animated-slow\" data-id=\"6e14bae\" data-element_type=\"column\" data-e-type=\"column\" data-settings=\"{&quot;animation&quot;:&quot;none&quot;,&quot;animation_delay&quot;:2000}\">\n\t\t\t<div class=\"elementor-widget-wrap elementor-element-populated\">\n\t\t\t\t\t\t<div class=\"elementor-element elementor-element-80bbbb1 elementor-widget-divider--view-line elementor-widget elementor-widget-divider\" data-id=\"80bbbb1\" data-element_type=\"widget\" data-e-type=\"widget\" data-widget_type=\"divider.default\">\n\t\t\t\t\t\t\t<div class=\"elementor-divider\">\n\t\t\t<span class=\"elementor-divider-separator\">\n\t\t\t\t\t\t<\/span>\n\t\t<\/div>\n\t\t\t\t\t\t<\/div>\n\t\t\t\t<div class=\"elementor-element elementor-element-3633b7b elementor-widget elementor-widget-heading\" data-id=\"3633b7b\" data-element_type=\"widget\" data-e-type=\"widget\" data-widget_type=\"heading.default\">\n\t\t\t\t\t<h2 class=\"elementor-heading-title elementor-size-default\">Kontakt oss<\/h2>\t\t\t\t<\/div>\n\t\t\t\t<div class=\"elementor-element elementor-element-d4e60cc elementor-widget elementor-widget-text-editor\" data-id=\"d4e60cc\" data-element_type=\"widget\" data-e-type=\"widget\" data-widget_type=\"text-editor.default\">\n\t\t\t\t\t\t\t\t\t<p>Ta kontakt dersom du har sp\u00f8rsm\u00e5l om noen av produktene v\u00e5re, eller om du \u00f8nsker \u00e5 forhandle rabatter ved st\u00f8rre innkj\u00f8p.<\/p>\t\t\t\t\t\t\t\t<\/div>\n\t\t\t\t\t<\/div>\n\t\t<\/div>\n\t\t\t\t<div class=\"elementor-column elementor-col-50 elementor-inner-column elementor-element elementor-element-70b7db2 animated-slow\" data-id=\"70b7db2\" data-element_type=\"column\" data-e-type=\"column\" data-settings=\"{&quot;animation&quot;:&quot;none&quot;,&quot;animation_delay&quot;:2000}\">\n\t\t\t<div class=\"elementor-widget-wrap\">\n\t\t\t\t\t\t\t<\/div>\n\t\t<\/div>\n\t\t\t\t\t<\/div>\n\t\t<\/section>\n\t\t\t\t\t<\/div>\n\t\t<\/div>\n\t\t\t\t\t<\/div>\n\t\t<\/section>\n\t\t\t\t<section class=\"elementor-section elementor-top-section elementor-element elementor-element-d6ecc6b elementor-section-boxed elementor-section-height-default elementor-section-height-default\" data-id=\"d6ecc6b\" data-element_type=\"section\" data-e-type=\"section\">\n\t\t\t\t\t\t<div class=\"elementor-container elementor-column-gap-wider\">\n\t\t\t\t\t<div class=\"elementor-column elementor-col-50 elementor-top-column elementor-element elementor-element-5a81e31\" data-id=\"5a81e31\" data-element_type=\"column\" data-e-type=\"column\">\n\t\t\t<div class=\"elementor-widget-wrap elementor-element-populated\">\n\t\t\t\t\t\t<section class=\"elementor-section elementor-inner-section elementor-element elementor-element-655135d elementor-section-boxed elementor-section-height-default elementor-section-height-default\" data-id=\"655135d\" data-element_type=\"section\" data-e-type=\"section\">\n\t\t\t\t\t\t<div class=\"elementor-container elementor-column-gap-default\">\n\t\t\t\t\t<div class=\"elementor-column elementor-col-100 elementor-inner-column elementor-element elementor-element-8941623\" data-id=\"8941623\" data-element_type=\"column\" data-e-type=\"column\">\n\t\t\t<div class=\"elementor-widget-wrap elementor-element-populated\">\n\t\t\t\t\t\t<div class=\"elementor-element elementor-element-b8d96cd elementor-widget elementor-widget-heading\" data-id=\"b8d96cd\" data-element_type=\"widget\" data-e-type=\"widget\" data-widget_type=\"heading.default\">\n\t\t\t\t\t<h4 class=\"elementor-heading-title elementor-size-default\">E-post<\/h4>\t\t\t\t<\/div>\n\t\t\t\t<div class=\"elementor-element elementor-element-be83f2f elementor-widget elementor-widget-text-editor\" data-id=\"be83f2f\" data-element_type=\"widget\" data-e-type=\"widget\" data-widget_type=\"text-editor.default\">\n\t\t\t\t\t\t\t\t\t<p><br \/><a href=\"mailto:post@polybrite.no\">post@polybrite.no<\/a><\/p>\t\t\t\t\t\t\t\t<\/div>\n\t\t\t\t\t<\/div>\n\t\t<\/div>\n\t\t\t\t\t<\/div>\n\t\t<\/section>\n\t\t\t\t<section class=\"elementor-section elementor-inner-section elementor-element elementor-element-9eaceb7 elementor-section-boxed elementor-section-height-default elementor-section-height-default\" data-id=\"9eaceb7\" data-element_type=\"section\" data-e-type=\"section\">\n\t\t\t\t\t\t<div class=\"elementor-container elementor-column-gap-default\">\n\t\t\t\t\t<div class=\"elementor-column elementor-col-100 elementor-inner-column elementor-element elementor-element-007c6e9\" data-id=\"007c6e9\" data-element_type=\"column\" data-e-type=\"column\">\n\t\t\t<div class=\"elementor-widget-wrap elementor-element-populated\">\n\t\t\t\t\t\t<div class=\"elementor-element elementor-element-a21c5da elementor-widget elementor-widget-heading\" data-id=\"a21c5da\" data-element_type=\"widget\" data-e-type=\"widget\" data-widget_type=\"heading.default\">\n\t\t\t\t\t<h4 class=\"elementor-heading-title elementor-size-default\">Telefon<\/h4>\t\t\t\t<\/div>\n\t\t\t\t<div class=\"elementor-element elementor-element-5ecd51f elementor-widget elementor-widget-text-editor\" data-id=\"5ecd51f\" data-element_type=\"widget\" data-e-type=\"widget\" data-widget_type=\"text-editor.default\">\n\t\t\t\t\t\t\t\t\t<p>+47 936 47 669<\/p>\t\t\t\t\t\t\t\t<\/div>\n\t\t\t\t\t<\/div>\n\t\t<\/div>\n\t\t\t\t\t<\/div>\n\t\t<\/section>\n\t\t\t\t<section class=\"elementor-section elementor-inner-section elementor-element elementor-element-3113b5e elementor-section-boxed elementor-section-height-default elementor-section-height-default\" data-id=\"3113b5e\" data-element_type=\"section\" data-e-type=\"section\">\n\t\t\t\t\t\t<div class=\"elementor-container elementor-column-gap-default\">\n\t\t\t\t\t<div class=\"elementor-column elementor-col-100 elementor-inner-column elementor-element elementor-element-b50208f\" data-id=\"b50208f\" data-element_type=\"column\" data-e-type=\"column\">\n\t\t\t<div class=\"elementor-widget-wrap elementor-element-populated\">\n\t\t\t\t\t\t<div class=\"elementor-element elementor-element-b1d5dc6 elementor-widget elementor-widget-heading\" data-id=\"b1d5dc6\" data-element_type=\"widget\" data-e-type=\"widget\" data-widget_type=\"heading.default\">\n\t\t\t\t\t<h4 class=\"elementor-heading-title elementor-size-default\">Addresse<\/h4>\t\t\t\t<\/div>\n\t\t\t\t<div class=\"elementor-element elementor-element-fc6e5bf elementor-widget elementor-widget-text-editor\" data-id=\"fc6e5bf\" data-element_type=\"widget\" data-e-type=\"widget\" data-widget_type=\"text-editor.default\">\n\t\t\t\t\t\t\t\t\t<p>Martin Linges vei 25, 1364 Fornebu<\/p>\t\t\t\t\t\t\t\t<\/div>\n\t\t\t\t\t<\/div>\n\t\t<\/div>\n\t\t\t\t\t<\/div>\n\t\t<\/section>\n\t\t\t\t<section class=\"elementor-section elementor-inner-section elementor-element elementor-element-5feac46 elementor-section-boxed elementor-section-height-default elementor-section-height-default\" data-id=\"5feac46\" data-element_type=\"section\" data-e-type=\"section\">\n\t\t\t\t\t\t<div class=\"elementor-container elementor-column-gap-default\">\n\t\t\t\t\t<div class=\"elementor-column elementor-col-100 elementor-inner-column elementor-element elementor-element-434970f\" data-id=\"434970f\" data-element_type=\"column\" data-e-type=\"column\">\n\t\t\t<div class=\"elementor-widget-wrap elementor-element-populated\">\n\t\t\t\t\t\t<div class=\"elementor-element elementor-element-4bf8198 elementor-widget elementor-widget-heading\" data-id=\"4bf8198\" data-element_type=\"widget\" data-e-type=\"widget\" data-widget_type=\"heading.default\">\n\t\t\t\t\t<h4 class=\"elementor-heading-title elementor-size-default\">F\u00f8lg oss<\/h4>\t\t\t\t<\/div>\n\t\t\t\t<div class=\"elementor-element elementor-element-5993f0a elementor-icon-list--layout-inline elementor-list-item-link-full_width elementor-widget elementor-widget-icon-list\" data-id=\"5993f0a\" data-element_type=\"widget\" data-e-type=\"widget\" data-widget_type=\"icon-list.default\">\n\t\t\t\t\t\t\t<ul class=\"elementor-icon-list-items elementor-inline-items\">\n\t\t\t\t\t\t\t<li class=\"elementor-icon-list-item elementor-inline-item\">\n\t\t\t\t\t\t\t\t\t\t\t<a href=\"http:\/\/facebook.com\">\n\n\t\t\t\t\t\t\t\t\t\t\t\t<span class=\"elementor-icon-list-icon\">\n\t\t\t\t\t\t\t<svg aria-hidden=\"true\" class=\"e-font-icon-svg e-fab-facebook\" viewBox=\"0 0 512 512\" xmlns=\"http:\/\/www.w3.org\/2000\/svg\"><path d=\"M504 256C504 119 393 8 256 8S8 119 8 256c0 123.78 90.69 226.38 209.25 245V327.69h-63V256h63v-54.64c0-62.15 37-96.48 93.67-96.48 27.14 0 55.52 4.84 55.52 4.84v61h-31.28c-30.8 0-40.41 19.12-40.41 38.73V256h68.78l-11 71.69h-57.78V501C413.31 482.38 504 379.78 504 256z\"><\/path><\/svg>\t\t\t\t\t\t<\/span>\n\t\t\t\t\t\t\t\t\t\t<span class=\"elementor-icon-list-text\"><\/span>\n\t\t\t\t\t\t\t\t\t\t\t<\/a>\n\t\t\t\t\t\t\t\t\t<\/li>\n\t\t\t\t\t\t\t\t<li class=\"elementor-icon-list-item elementor-inline-item\">\n\t\t\t\t\t\t\t\t\t\t\t<a href=\"http:\/\/instagram.com\">\n\n\t\t\t\t\t\t\t\t\t\t\t\t<span class=\"elementor-icon-list-icon\">\n\t\t\t\t\t\t\t<svg aria-hidden=\"true\" class=\"e-font-icon-svg e-fab-instagram\" viewBox=\"0 0 448 512\" xmlns=\"http:\/\/www.w3.org\/2000\/svg\"><path d=\"M224.1 141c-63.6 0-114.9 51.3-114.9 114.9s51.3 114.9 114.9 114.9S339 319.5 339 255.9 287.7 141 224.1 141zm0 189.6c-41.1 0-74.7-33.5-74.7-74.7s33.5-74.7 74.7-74.7 74.7 33.5 74.7 74.7-33.6 74.7-74.7 74.7zm146.4-194.3c0 14.9-12 26.8-26.8 26.8-14.9 0-26.8-12-26.8-26.8s12-26.8 26.8-26.8 26.8 12 26.8 26.8zm76.1 27.2c-1.7-35.9-9.9-67.7-36.2-93.9-26.2-26.2-58-34.4-93.9-36.2-37-2.1-147.9-2.1-184.9 0-35.8 1.7-67.6 9.9-93.9 36.1s-34.4 58-36.2 93.9c-2.1 37-2.1 147.9 0 184.9 1.7 35.9 9.9 67.7 36.2 93.9s58 34.4 93.9 36.2c37 2.1 147.9 2.1 184.9 0 35.9-1.7 67.7-9.9 93.9-36.2 26.2-26.2 34.4-58 36.2-93.9 2.1-37 2.1-147.8 0-184.8zM398.8 388c-7.8 19.6-22.9 34.7-42.6 42.6-29.5 11.7-99.5 9-132.1 9s-102.7 2.6-132.1-9c-19.6-7.8-34.7-22.9-42.6-42.6-11.7-29.5-9-99.5-9-132.1s-2.6-102.7 9-132.1c7.8-19.6 22.9-34.7 42.6-42.6 29.5-11.7 99.5-9 132.1-9s102.7-2.6 132.1 9c19.6 7.8 34.7 22.9 42.6 42.6 11.7 29.5 9 99.5 9 132.1s2.7 102.7-9 132.1z\"><\/path><\/svg>\t\t\t\t\t\t<\/span>\n\t\t\t\t\t\t\t\t\t\t<span class=\"elementor-icon-list-text\"><\/span>\n\t\t\t\t\t\t\t\t\t\t\t<\/a>\n\t\t\t\t\t\t\t\t\t<\/li>\n\t\t\t\t\t\t<\/ul>\n\t\t\t\t\t\t<\/div>\n\t\t\t\t\t<\/div>\n\t\t<\/div>\n\t\t\t\t\t<\/div>\n\t\t<\/section>\n\t\t\t\t\t<\/div>\n\t\t<\/div>\n\t\t\t\t<div class=\"elementor-column elementor-col-50 elementor-top-column elementor-element elementor-element-2b868b4\" data-id=\"2b868b4\" data-element_type=\"column\" data-e-type=\"column\">\n\t\t\t<div class=\"elementor-widget-wrap elementor-element-populated\">\n\t\t\t\t\t\t<div class=\"elementor-element elementor-element-77005a8 elementor-widget elementor-widget-text-editor\" data-id=\"77005a8\" data-element_type=\"widget\" data-e-type=\"widget\" data-widget_type=\"text-editor.default\">\n\t\t\t\t\t\t\t\t\t<style>#wpzf-9259 + .notice { margin-top: 20px; padding: 15px; border-radius: 4px; }#wpzf-9259 + .notice.success { background-color: #e7f7ed; color: #227045; border-left: 4px solid #46b450; }#wpzf-9259 + .notice.error { background-color: #fde8e8; color: #8a1f11; border-left: 4px solid #cc0000; }#wpzf-9259 + .notice p { margin: 0; }#wpzf-9259-notice { scroll-margin-top: 24px; }<\/style><!-- ZOOM Forms Start -->\n\t\t\t<form id=\"wpzf-9259\" method=\"post\" action=\"https:\/\/polybrite.no\/wp-admin\/admin-post.php\" class=\"wpzoom-forms_form\">\n\t\t\t<input type=\"hidden\" name=\"action\" value=\"wpzf_submit\" \/>\n\t\t\t<input type=\"hidden\" name=\"form_id\" value=\"9259\" \/>\n\t\t\t<input type=\"hidden\" id=\"_wpnonce\" name=\"_wpnonce\" value=\"b26a9ffc34\" \/><input type=\"hidden\" name=\"_wp_http_referer\" value=\"\/index.php\/wp-json\/wp\/v2\/pages\/628\" \/>\n\t\t\t\n<div class=\"wp-block-wpzoom-forms-form\">\n<label for=\"input_ae87379b\"><span>Name<\/span><sup class=\"wp-block-wpzoom-forms-required\">*<\/sup><\/label><input type=\"text\" name=\"wpzf_input_ae87379b\" id=\"input_ae87379b\" placeholder=\"\" required class=\"wp-block-wpzoom-forms-text-name-field\"\/>\n\n\n\n<label for=\"input_8468ae36\"><span>Email<\/span><sup class=\"wp-block-wpzoom-forms-required\">*<\/sup><\/label><input type=\"email\" name=\"wpzf_input_8468ae36\" id=\"input_8468ae36\" placeholder=\"\" required data-replyto=\"false\" class=\"wp-block-wpzoom-forms-text-email-field\"\/>\n\n\n\n<label for=\"input_85d61063\"><span>Subject<\/span><sup class=\"wp-block-wpzoom-forms-required\">*<\/sup><\/label><input type=\"text\" name=\"wpzf_input_85d61063\" id=\"input_85d61063\" placeholder=\"\" required data-subject=\"true\" class=\"wp-block-wpzoom-forms-text-plain-field\"\/>\n\n\n\n<label for=\"input_d8cf917c\"><span>Message<\/span><\/label><textarea name=\"wpzf_input_d8cf917c\" id=\"input_d8cf917c\" cols=\"55\" rows=\"10\" placeholder=\"\" class=\"wp-block-wpzoom-forms-textarea-field\"><\/textarea>\n\n\n\n<div class=\"wp-block-columns are-vertically-aligned-center is-layout-flex wp-container-core-columns-is-layout-28f84493 wp-block-columns-is-layout-flex\">\n<div class=\"wp-block-column is-vertically-aligned-center is-layout-flow wp-block-column-is-layout-flow\" style=\"flex-basis:30%\">\n<input   type=\"submit\" data-callback=\"wpzf_submit\" data-action=\"submit\"  id=\"input_submit\" value=\"Submit\"  class=\"wp-block-wpzoom-forms-submit-field cf-captcha\"><div class=\"cf-turnstile\" data-theme=\"auto\" data-sitekey=\"0x4AAAAAACZjnY1_dkP1jMfqGP74qoBx7vA\"><\/div>\n<\/div>\n\n\n\n<div class=\"wp-block-column is-vertically-aligned-center is-layout-flow wp-block-column-is-layout-flow\" style=\"flex-basis:70%\">\n<p class=\"has-text-align-right\" style=\"font-size:clamp(14px, 0.875rem + ((1vw - 3.2px) * 0.208), 16px);px\">Fields marked with <strong class=\"has-accent-color has-text-color\">*<\/strong> are required.<\/p>\n<\/div>\n<\/div>\n<\/div>\n\n\t\t\t<input type=\"hidden\" name=\"wpzf_subject\" value=\"wpzf_input_85d61063\" \/><\/form>\n\t\t\t\n\t\t\t<!-- ZOOM Forms End -->\t\t\t\t\t\t\t\t<\/div>\n\t\t\t\t\t<\/div>\n\t\t<\/div>\n\t\t\t\t\t<\/div>\n\t\t<\/section>\n\t\t\t\t<section class=\"elementor-section elementor-top-section elementor-element elementor-element-485012a elementor-section-boxed elementor-section-height-default elementor-section-height-default\" data-id=\"485012a\" data-element_type=\"section\" data-e-type=\"section\">\n\t\t\t\t\t\t<div class=\"elementor-container elementor-column-gap-default\">\n\t\t\t\t\t<div class=\"elementor-column elementor-col-100 elementor-top-column elementor-element elementor-element-b9e9d83\" data-id=\"b9e9d83\" data-element_type=\"column\" data-e-type=\"column\">\n\t\t\t<div class=\"elementor-widget-wrap elementor-element-populated\">\n\t\t\t\t\t\t<div class=\"elementor-element elementor-element-916d6e7 elementor-widget elementor-widget-google_maps\" data-id=\"916d6e7\" data-element_type=\"widget\" data-e-type=\"widget\" data-widget_type=\"google_maps.default\">\n\t\t\t\t\t\t\t<div class=\"elementor-custom-embed\">\n\t\t\t<iframe loading=\"lazy\"\n\t\t\t\t\tsrc=\"https:\/\/maps.google.com\/maps?q=Martin%20Linges%20vei%2025%2C%20Fornebu&#038;t=m&#038;z=13&#038;output=embed&#038;iwloc=near\"\n\t\t\t\t\ttitle=\"Martin Linges vei 25, Fornebu\"\n\t\t\t\t\taria-label=\"Martin Linges vei 25, Fornebu\"\n\t\t\t><\/iframe>\n\t\t<\/div>\n\t\t\t\t\t\t<\/div>\n\t\t\t\t\t<\/div>\n\t\t<\/div>\n\t\t\t\t\t<\/div>\n\t\t<\/section>\n\t\t\t\t<\/div>\n\t\t","protected":false},"excerpt":{"rendered":"<p>Kontakt oss Ta kontakt dersom du har sp\u00f8rsm\u00e5l om noen av produktene v\u00e5re, eller om du \u00f8nsker \u00e5 forhandle rabatter ved st\u00f8rre innkj\u00f8p. E-post post@polybrite.no Telefon +47 936 47 669 Addresse Martin Linges vei 25, 1364 Fornebu F\u00f8lg oss<\/p>\n","protected":false},"author":2,"featured_media":0,"parent":0,"menu_order":0,"comment_status":"closed","ping_status":"closed","template":"elementor_header_footer","meta":{"inspiro_page_layout":"narrow","inspiro_hide_title":false,"footnotes":""},"class_list":["post-628","page","type-page","status-publish","hentry"],"yoast_head":"<!-- This site is optimized with the Yoast SEO plugin v27.4 - https:\/\/yoast.com\/product\/yoast-seo-wordpress\/ -->\n<title>Kontakt - polybrite.no<\/title>\n<meta name=\"robots\" content=\"index, follow, max-snippet:-1, max-image-preview:large, max-video-preview:-1\" \/>\n<link rel=\"canonical\" href=\"https:\/\/polybrite.no\/index.php\/kontakt\/\" \/>\n<meta property=\"og:locale\" content=\"nb_NO\" \/>\n<meta property=\"og:type\" content=\"article\" \/>\n<meta property=\"og:title\" content=\"Kontakt - polybrite.no\" \/>\n<meta property=\"og:description\" content=\"Kontakt oss Ta kontakt dersom du har sp\u00f8rsm\u00e5l om noen av produktene v\u00e5re, eller om du \u00f8nsker \u00e5 forhandle rabatter ved st\u00f8rre innkj\u00f8p. E-post post@polybrite.no Telefon +47 936 47 669 Addresse Martin Linges vei 25, 1364 Fornebu F\u00f8lg oss\" \/>\n<meta property=\"og:url\" content=\"https:\/\/polybrite.no\/index.php\/kontakt\/\" \/>\n<meta property=\"og:site_name\" content=\"polybrite.no\" \/>\n<meta property=\"article:modified_time\" content=\"2026-03-29T21:29:33+00:00\" \/>\n<meta name=\"twitter:card\" content=\"summary_large_image\" \/>\n<meta name=\"twitter:label1\" content=\"Ansl. lesetid\" \/>\n\t<meta name=\"twitter:data1\" content=\"1 minutt\" \/>\n<script type=\"application\/ld+json\" class=\"yoast-schema-graph\">{\"@context\":\"https:\\\/\\\/schema.org\",\"@graph\":[{\"@type\":\"WebPage\",\"@id\":\"https:\\\/\\\/polybrite.no\\\/index.php\\\/kontakt\\\/\",\"url\":\"https:\\\/\\\/polybrite.no\\\/index.php\\\/kontakt\\\/\",\"name\":\"Kontakt - polybrite.no\",\"isPartOf\":{\"@id\":\"https:\\\/\\\/polybrite.no\\\/#website\"},\"datePublished\":\"2009-05-06T16:43:24+00:00\",\"dateModified\":\"2026-03-29T21:29:33+00:00\",\"breadcrumb\":{\"@id\":\"https:\\\/\\\/polybrite.no\\\/index.php\\\/kontakt\\\/#breadcrumb\"},\"inLanguage\":\"nb-NO\",\"potentialAction\":[{\"@type\":\"ReadAction\",\"target\":[\"https:\\\/\\\/polybrite.no\\\/index.php\\\/kontakt\\\/\"]}]},{\"@type\":\"BreadcrumbList\",\"@id\":\"https:\\\/\\\/polybrite.no\\\/index.php\\\/kontakt\\\/#breadcrumb\",\"itemListElement\":[{\"@type\":\"ListItem\",\"position\":1,\"name\":\"Hjem\",\"item\":\"https:\\\/\\\/polybrite.no\\\/\"},{\"@type\":\"ListItem\",\"position\":2,\"name\":\"Kontakt\"}]},{\"@type\":\"WebSite\",\"@id\":\"https:\\\/\\\/polybrite.no\\\/#website\",\"url\":\"https:\\\/\\\/polybrite.no\\\/\",\"name\":\"polybrite.no\",\"description\":\"The future is bright - PolyBrite\",\"publisher\":{\"@id\":\"https:\\\/\\\/polybrite.no\\\/#organization\"},\"potentialAction\":[{\"@type\":\"SearchAction\",\"target\":{\"@type\":\"EntryPoint\",\"urlTemplate\":\"https:\\\/\\\/polybrite.no\\\/?s={search_term_string}\"},\"query-input\":{\"@type\":\"PropertyValueSpecification\",\"valueRequired\":true,\"valueName\":\"search_term_string\"}}],\"inLanguage\":\"nb-NO\"},{\"@type\":\"Organization\",\"@id\":\"https:\\\/\\\/polybrite.no\\\/#organization\",\"name\":\"polybrite.no\",\"url\":\"https:\\\/\\\/polybrite.no\\\/\",\"logo\":{\"@type\":\"ImageObject\",\"inLanguage\":\"nb-NO\",\"@id\":\"https:\\\/\\\/polybrite.no\\\/#\\\/schema\\\/logo\\\/image\\\/\",\"url\":\"https:\\\/\\\/polybrite.no\\\/wp-content\\\/uploads\\\/2025\\\/12\\\/polybrite_Norge_logo_hvit.png\",\"contentUrl\":\"https:\\\/\\\/polybrite.no\\\/wp-content\\\/uploads\\\/2025\\\/12\\\/polybrite_Norge_logo_hvit.png\",\"width\":205,\"height\":54,\"caption\":\"polybrite.no\"},\"image\":{\"@id\":\"https:\\\/\\\/polybrite.no\\\/#\\\/schema\\\/logo\\\/image\\\/\"}}]}<\/script>\n<!-- \/ Yoast SEO plugin. -->","yoast_head_json":{"title":"Kontakt - polybrite.no","robots":{"index":"index","follow":"follow","max-snippet":"max-snippet:-1","max-image-preview":"max-image-preview:large","max-video-preview":"max-video-preview:-1"},"canonical":"https:\/\/polybrite.no\/index.php\/kontakt\/","og_locale":"nb_NO","og_type":"article","og_title":"Kontakt - polybrite.no","og_description":"Kontakt oss Ta kontakt dersom du har sp\u00f8rsm\u00e5l om noen av produktene v\u00e5re, eller om du \u00f8nsker \u00e5 forhandle rabatter ved st\u00f8rre innkj\u00f8p. E-post post@polybrite.no Telefon +47 936 47 669 Addresse Martin Linges vei 25, 1364 Fornebu F\u00f8lg oss","og_url":"https:\/\/polybrite.no\/index.php\/kontakt\/","og_site_name":"polybrite.no","article_modified_time":"2026-03-29T21:29:33+00:00","twitter_card":"summary_large_image","twitter_misc":{"Ansl. lesetid":"1 minutt"},"schema":{"@context":"https:\/\/schema.org","@graph":[{"@type":"WebPage","@id":"https:\/\/polybrite.no\/index.php\/kontakt\/","url":"https:\/\/polybrite.no\/index.php\/kontakt\/","name":"Kontakt - polybrite.no","isPartOf":{"@id":"https:\/\/polybrite.no\/#website"},"datePublished":"2009-05-06T16:43:24+00:00","dateModified":"2026-03-29T21:29:33+00:00","breadcrumb":{"@id":"https:\/\/polybrite.no\/index.php\/kontakt\/#breadcrumb"},"inLanguage":"nb-NO","potentialAction":[{"@type":"ReadAction","target":["https:\/\/polybrite.no\/index.php\/kontakt\/"]}]},{"@type":"BreadcrumbList","@id":"https:\/\/polybrite.no\/index.php\/kontakt\/#breadcrumb","itemListElement":[{"@type":"ListItem","position":1,"name":"Hjem","item":"https:\/\/polybrite.no\/"},{"@type":"ListItem","position":2,"name":"Kontakt"}]},{"@type":"WebSite","@id":"https:\/\/polybrite.no\/#website","url":"https:\/\/polybrite.no\/","name":"polybrite.no","description":"The future is bright - PolyBrite","publisher":{"@id":"https:\/\/polybrite.no\/#organization"},"potentialAction":[{"@type":"SearchAction","target":{"@type":"EntryPoint","urlTemplate":"https:\/\/polybrite.no\/?s={search_term_string}"},"query-input":{"@type":"PropertyValueSpecification","valueRequired":true,"valueName":"search_term_string"}}],"inLanguage":"nb-NO"},{"@type":"Organization","@id":"https:\/\/polybrite.no\/#organization","name":"polybrite.no","url":"https:\/\/polybrite.no\/","logo":{"@type":"ImageObject","inLanguage":"nb-NO","@id":"https:\/\/polybrite.no\/#\/schema\/logo\/image\/","url":"https:\/\/polybrite.no\/wp-content\/uploads\/2025\/12\/polybrite_Norge_logo_hvit.png","contentUrl":"https:\/\/polybrite.no\/wp-content\/uploads\/2025\/12\/polybrite_Norge_logo_hvit.png","width":205,"height":54,"caption":"polybrite.no"},"image":{"@id":"https:\/\/polybrite.no\/#\/schema\/logo\/image\/"}}]}},"_links":{"self":[{"href":"https:\/\/polybrite.no\/index.php\/wp-json\/wp\/v2\/pages\/628","targetHints":{"allow":["GET"]}}],"collection":[{"href":"https:\/\/polybrite.no\/index.php\/wp-json\/wp\/v2\/pages"}],"about":[{"href":"https:\/\/polybrite.no\/index.php\/wp-json\/wp\/v2\/types\/page"}],"author":[{"embeddable":true,"href":"https:\/\/polybrite.no\/index.php\/wp-json\/wp\/v2\/users\/2"}],"replies":[{"embeddable":true,"href":"https:\/\/polybrite.no\/index.php\/wp-json\/wp\/v2\/comments?post=628"}],"version-history":[{"count":19,"href":"https:\/\/polybrite.no\/index.php\/wp-json\/wp\/v2\/pages\/628\/revisions"}],"predecessor-version":[{"id":9517,"href":"https:\/\/polybrite.no\/index.php\/wp-json\/wp\/v2\/pages\/628\/revisions\/9517"}],"wp:attachment":[{"href":"https:\/\/polybrite.no\/index.php\/wp-json\/wp\/v2\/media?parent=628"}],"curies":[{"name":"wp","href":"https:\/\/api.w.org\/{rel}","templated":true}]}}