{"id":4491,"date":"2009-09-08T16:33:06","date_gmt":"2009-09-08T16:33:06","guid":{"rendered":"https:\/\/polybrite.no\/index.php\/about\/"},"modified":"2026-03-29T21:29:30","modified_gmt":"2026-03-29T21:29:30","slug":"om","status":"publish","type":"page","link":"https:\/\/polybrite.no\/index.php\/om\/","title":{"rendered":"Om"},"content":{"rendered":"\t\t<div data-elementor-type=\"wp-page\" data-elementor-id=\"4491\" class=\"elementor elementor-4491\">\n\t\t\t\t\t\t<section class=\"elementor-section elementor-top-section elementor-element elementor-element-cbe5d04 animated-fast elementor-section-boxed elementor-section-height-default elementor-section-height-default\" data-id=\"cbe5d04\" data-element_type=\"section\" data-e-type=\"section\" data-settings=\"{&quot;animation&quot;:&quot;none&quot;,&quot;background_background&quot;:&quot;classic&quot;}\">\n\t\t\t\t\t\t\t<div class=\"elementor-background-overlay\"><\/div>\n\t\t\t\t\t\t\t<div class=\"elementor-container elementor-column-gap-no\">\n\t\t\t\t\t<div class=\"elementor-column elementor-col-100 elementor-top-column elementor-element elementor-element-41bdab0\" data-id=\"41bdab0\" data-element_type=\"column\" data-e-type=\"column\">\n\t\t\t<div class=\"elementor-widget-wrap elementor-element-populated\">\n\t\t\t\t\t\t<section class=\"elementor-section elementor-inner-section elementor-element elementor-element-5e9999a elementor-section-boxed elementor-section-height-default elementor-section-height-default\" data-id=\"5e9999a\" data-element_type=\"section\" data-e-type=\"section\">\n\t\t\t\t\t\t<div class=\"elementor-container elementor-column-gap-default\">\n\t\t\t\t\t<div class=\"elementor-column elementor-col-50 elementor-inner-column elementor-element elementor-element-42f606b animated-slow\" data-id=\"42f606b\" data-element_type=\"column\" data-e-type=\"column\" data-settings=\"{&quot;animation&quot;:&quot;none&quot;,&quot;animation_delay&quot;:2000}\">\n\t\t\t<div class=\"elementor-widget-wrap elementor-element-populated\">\n\t\t\t\t\t\t<div class=\"elementor-element elementor-element-617880f elementor-widget-divider--view-line elementor-widget elementor-widget-divider\" data-id=\"617880f\" data-element_type=\"widget\" data-e-type=\"widget\" data-widget_type=\"divider.default\">\n\t\t\t\t\t\t\t<div class=\"elementor-divider\">\n\t\t\t<span class=\"elementor-divider-separator\">\n\t\t\t\t\t\t<\/span>\n\t\t<\/div>\n\t\t\t\t\t\t<\/div>\n\t\t\t\t<div class=\"elementor-element elementor-element-19974a7 elementor-widget elementor-widget-heading\" data-id=\"19974a7\" data-element_type=\"widget\" data-e-type=\"widget\" data-widget_type=\"heading.default\">\n\t\t\t\t\t<h2 class=\"elementor-heading-title elementor-size-default\">Om oss <\/h2>\t\t\t\t<\/div>\n\t\t\t\t<div class=\"elementor-element elementor-element-42e3ec7 elementor-widget elementor-widget-text-editor\" data-id=\"42e3ec7\" data-element_type=\"widget\" data-e-type=\"widget\" data-widget_type=\"text-editor.default\">\n\t\t\t\t\t\t\t\t\t<p>Polybrite Norge har levert LED-lysprodukter i det norske markedet siden 2016. Gjennom de siste ti \u00e5rene har vi levert solide l\u00f8sninger til en rekke kjente bygg og bedrifter i Norge.<\/p>\t\t\t\t\t\t\t\t<\/div>\n\t\t\t\t\t<\/div>\n\t\t<\/div>\n\t\t\t\t<div class=\"elementor-column elementor-col-50 elementor-inner-column elementor-element elementor-element-a311dbf animated-slow\" data-id=\"a311dbf\" data-element_type=\"column\" data-e-type=\"column\" data-settings=\"{&quot;animation&quot;:&quot;none&quot;,&quot;animation_delay&quot;:2000}\">\n\t\t\t<div class=\"elementor-widget-wrap\">\n\t\t\t\t\t\t\t<\/div>\n\t\t<\/div>\n\t\t\t\t\t<\/div>\n\t\t<\/section>\n\t\t\t\t\t<\/div>\n\t\t<\/div>\n\t\t\t\t\t<\/div>\n\t\t<\/section>\n\t\t\t\t<section class=\"elementor-section elementor-top-section elementor-element elementor-element-4b2b413d elementor-section-full_width animated-fast elementor-section-height-default elementor-section-height-default\" data-id=\"4b2b413d\" data-element_type=\"section\" data-e-type=\"section\" data-settings=\"{&quot;animation&quot;:&quot;none&quot;,&quot;background_background&quot;:&quot;classic&quot;}\">\n\t\t\t\t\t\t\t<div class=\"elementor-background-overlay\"><\/div>\n\t\t\t\t\t\t\t<div class=\"elementor-container elementor-column-gap-no\">\n\t\t\t\t\t<div class=\"elementor-column elementor-col-100 elementor-top-column elementor-element elementor-element-68ccc700\" data-id=\"68ccc700\" data-element_type=\"column\" data-e-type=\"column\">\n\t\t\t<div class=\"elementor-widget-wrap elementor-element-populated\">\n\t\t\t\t\t\t<section class=\"elementor-section elementor-inner-section elementor-element elementor-element-5b4c8052 elementor-section-boxed elementor-section-height-default elementor-section-height-default\" data-id=\"5b4c8052\" data-element_type=\"section\" data-e-type=\"section\">\n\t\t\t\t\t\t<div class=\"elementor-container elementor-column-gap-default\">\n\t\t\t\t\t<div class=\"elementor-column elementor-col-50 elementor-inner-column elementor-element elementor-element-74936552 animated-slow\" data-id=\"74936552\" data-element_type=\"column\" data-e-type=\"column\" data-settings=\"{&quot;animation&quot;:&quot;none&quot;,&quot;animation_delay&quot;:2000}\">\n\t\t\t<div class=\"elementor-widget-wrap elementor-element-populated\">\n\t\t\t\t\t\t<div class=\"elementor-element elementor-element-53ce54ee elementor-widget-divider--view-line elementor-widget elementor-widget-divider\" data-id=\"53ce54ee\" data-element_type=\"widget\" data-e-type=\"widget\" data-widget_type=\"divider.default\">\n\t\t\t\t\t\t\t<div class=\"elementor-divider\">\n\t\t\t<span class=\"elementor-divider-separator\">\n\t\t\t\t\t\t<\/span>\n\t\t<\/div>\n\t\t\t\t\t\t<\/div>\n\t\t\t\t<div class=\"elementor-element elementor-element-501c2364 elementor-widget elementor-widget-heading\" data-id=\"501c2364\" data-element_type=\"widget\" data-e-type=\"widget\" data-widget_type=\"heading.default\">\n\t\t\t\t\t<h2 class=\"elementor-heading-title elementor-size-default\">PolyBrite Norge AS - visjon<\/h2>\t\t\t\t<\/div>\n\t\t\t\t<div class=\"elementor-element elementor-element-4a477e7 elementor-widget elementor-widget-text-editor\" data-id=\"4a477e7\" data-element_type=\"widget\" data-e-type=\"widget\" data-widget_type=\"text-editor.default\">\n\t\t\t\t\t\t\t\t\t<p><strong>PolyBrite Norge AS<\/strong> skal levere moderne LED-belysning med h\u00f8y kvalitet, lang levetid og lav milj\u00f8belastning. V\u00e5r visjon er \u00e5 bidra til mer energieffektive l\u00f8sninger som kombinerer funksjon, design og b\u00e6rekraft i praksis.<\/p><p>Vi prioriterer produkter med dokumentert kvalitet, stabil ytelse og gjennomtenkte materialvalg. Gjennom kontinuerlig utvikling og bevisste valg \u00f8nsker vi \u00e5 redusere energiforbruk, forlenge levetid p\u00e5 installasjoner og bidra til mer ansvarlig bruk av ressurser.<\/p><p><strong>PolyBrite Norge AS<\/strong> skal v\u00e6re en p\u00e5litelig leverand\u00f8r for kunder som stiller krav til b\u00e5de milj\u00f8hensyn og profesjonelle belysningsl\u00f8sninger.<\/p>\t\t\t\t\t\t\t\t<\/div>\n\t\t\t\t\t<\/div>\n\t\t<\/div>\n\t\t\t\t<div class=\"elementor-column elementor-col-50 elementor-inner-column elementor-element elementor-element-bc9f8ba animated-slow\" data-id=\"bc9f8ba\" data-element_type=\"column\" data-e-type=\"column\" data-settings=\"{&quot;animation&quot;:&quot;none&quot;}\">\n\t\t\t<div class=\"elementor-widget-wrap elementor-element-populated\">\n\t\t\t\t\t\t<div class=\"elementor-element elementor-element-41c4ca7 elementor-widget elementor-widget-image\" data-id=\"41c4ca7\" data-element_type=\"widget\" data-e-type=\"widget\" data-widget_type=\"image.default\">\n\t\t\t\t\t\t\t\t\t\t\t\t\t\t\t<img fetchpriority=\"high\" decoding=\"async\" width=\"1200\" height=\"1800\" src=\"https:\/\/polybrite.no\/wp-content\/uploads\/2025\/12\/home-office.jpg\" class=\"attachment-full size-full wp-image-9456\" alt=\"\" srcset=\"https:\/\/polybrite.no\/wp-content\/uploads\/2025\/12\/home-office.jpg 1200w, https:\/\/polybrite.no\/wp-content\/uploads\/2025\/12\/home-office-200x300.jpg 200w, https:\/\/polybrite.no\/wp-content\/uploads\/2025\/12\/home-office-683x1024.jpg 683w, https:\/\/polybrite.no\/wp-content\/uploads\/2025\/12\/home-office-768x1152.jpg 768w, https:\/\/polybrite.no\/wp-content\/uploads\/2025\/12\/home-office-1024x1536.jpg 1024w, https:\/\/polybrite.no\/wp-content\/uploads\/2025\/12\/home-office-1000x1500.jpg 1000w, https:\/\/polybrite.no\/wp-content\/uploads\/2025\/12\/home-office-373x560.jpg 373w, https:\/\/polybrite.no\/wp-content\/uploads\/2025\/12\/home-office-600x900.jpg 600w, https:\/\/polybrite.no\/wp-content\/uploads\/2025\/12\/home-office-258x387.jpg 258w, https:\/\/polybrite.no\/wp-content\/uploads\/2025\/12\/home-office-562x843.jpg 562w\" sizes=\"(max-width: 1200px) 100vw, 1200px\" \/>\t\t\t\t\t\t\t\t\t\t\t\t\t\t\t<\/div>\n\t\t\t\t\t<\/div>\n\t\t<\/div>\n\t\t\t\t\t<\/div>\n\t\t<\/section>\n\t\t\t\t\t<\/div>\n\t\t<\/div>\n\t\t\t\t\t<\/div>\n\t\t<\/section>\n\t\t\t\t<\/div>\n\t\t","protected":false},"excerpt":{"rendered":"<p>Om oss Polybrite Norge har levert LED-lysprodukter i det norske markedet siden 2016. Gjennom de siste ti \u00e5rene har vi levert solide l\u00f8sninger til en rekke kjente bygg og bedrifter i Norge. PolyBrite Norge AS &#8211; visjon PolyBrite Norge AS skal levere moderne LED-belysning med h\u00f8y kvalitet, lang levetid og [&hellip;]<\/p>\n","protected":false},"author":2,"featured_media":0,"parent":0,"menu_order":0,"comment_status":"closed","ping_status":"closed","template":"elementor_header_footer","meta":{"inspiro_page_layout":"narrow","inspiro_hide_title":false,"footnotes":""},"class_list":["post-4491","page","type-page","status-publish","hentry"],"yoast_head":"<!-- This site is optimized with the Yoast SEO plugin v27.4 - https:\/\/yoast.com\/product\/yoast-seo-wordpress\/ -->\n<title>Om - polybrite.no<\/title>\n<meta name=\"robots\" content=\"index, follow, max-snippet:-1, max-image-preview:large, max-video-preview:-1\" \/>\n<link rel=\"canonical\" href=\"https:\/\/polybrite.no\/index.php\/om\/\" \/>\n<meta property=\"og:locale\" content=\"nb_NO\" \/>\n<meta property=\"og:type\" content=\"article\" \/>\n<meta property=\"og:title\" content=\"Om - polybrite.no\" \/>\n<meta property=\"og:description\" content=\"Om oss Polybrite Norge har levert LED-lysprodukter i det norske markedet siden 2016. Gjennom de siste ti \u00e5rene har vi levert solide l\u00f8sninger til en rekke kjente bygg og bedrifter i Norge. PolyBrite Norge AS &#8211; visjon PolyBrite Norge AS skal levere moderne LED-belysning med h\u00f8y kvalitet, lang levetid og [&hellip;]\" \/>\n<meta property=\"og:url\" content=\"https:\/\/polybrite.no\/index.php\/om\/\" \/>\n<meta property=\"og:site_name\" content=\"polybrite.no\" \/>\n<meta property=\"article:modified_time\" content=\"2026-03-29T21:29:30+00:00\" \/>\n<meta property=\"og:image\" content=\"http:\/\/polybrite.no\/wp-content\/uploads\/2025\/12\/home-office.jpg\" \/>\n<meta name=\"twitter:card\" content=\"summary_large_image\" \/>\n<meta name=\"twitter:label1\" content=\"Ansl. lesetid\" \/>\n\t<meta name=\"twitter:data1\" content=\"1 minutt\" \/>\n<script type=\"application\/ld+json\" class=\"yoast-schema-graph\">{\"@context\":\"https:\\\/\\\/schema.org\",\"@graph\":[{\"@type\":\"WebPage\",\"@id\":\"https:\\\/\\\/polybrite.no\\\/index.php\\\/om\\\/\",\"url\":\"https:\\\/\\\/polybrite.no\\\/index.php\\\/om\\\/\",\"name\":\"Om - polybrite.no\",\"isPartOf\":{\"@id\":\"http:\\\/\\\/polybrite.no\\\/#website\"},\"primaryImageOfPage\":{\"@id\":\"https:\\\/\\\/polybrite.no\\\/index.php\\\/om\\\/#primaryimage\"},\"image\":{\"@id\":\"https:\\\/\\\/polybrite.no\\\/index.php\\\/om\\\/#primaryimage\"},\"thumbnailUrl\":\"http:\\\/\\\/polybrite.no\\\/wp-content\\\/uploads\\\/2025\\\/12\\\/home-office.jpg\",\"datePublished\":\"2009-09-08T16:33:06+00:00\",\"dateModified\":\"2026-03-29T21:29:30+00:00\",\"breadcrumb\":{\"@id\":\"https:\\\/\\\/polybrite.no\\\/index.php\\\/om\\\/#breadcrumb\"},\"inLanguage\":\"nb-NO\",\"potentialAction\":[{\"@type\":\"ReadAction\",\"target\":[\"https:\\\/\\\/polybrite.no\\\/index.php\\\/om\\\/\"]}]},{\"@type\":\"ImageObject\",\"inLanguage\":\"nb-NO\",\"@id\":\"https:\\\/\\\/polybrite.no\\\/index.php\\\/om\\\/#primaryimage\",\"url\":\"https:\\\/\\\/polybrite.no\\\/wp-content\\\/uploads\\\/2025\\\/12\\\/home-office.jpg\",\"contentUrl\":\"https:\\\/\\\/polybrite.no\\\/wp-content\\\/uploads\\\/2025\\\/12\\\/home-office.jpg\",\"width\":1200,\"height\":1800},{\"@type\":\"BreadcrumbList\",\"@id\":\"https:\\\/\\\/polybrite.no\\\/index.php\\\/om\\\/#breadcrumb\",\"itemListElement\":[{\"@type\":\"ListItem\",\"position\":1,\"name\":\"Hjem\",\"item\":\"http:\\\/\\\/polybrite.no\\\/\"},{\"@type\":\"ListItem\",\"position\":2,\"name\":\"Om\"}]},{\"@type\":\"WebSite\",\"@id\":\"http:\\\/\\\/polybrite.no\\\/#website\",\"url\":\"http:\\\/\\\/polybrite.no\\\/\",\"name\":\"polybrite.no\",\"description\":\"The future is bright - PolyBrite\",\"publisher\":{\"@id\":\"http:\\\/\\\/polybrite.no\\\/#organization\"},\"potentialAction\":[{\"@type\":\"SearchAction\",\"target\":{\"@type\":\"EntryPoint\",\"urlTemplate\":\"http:\\\/\\\/polybrite.no\\\/?s={search_term_string}\"},\"query-input\":{\"@type\":\"PropertyValueSpecification\",\"valueRequired\":true,\"valueName\":\"search_term_string\"}}],\"inLanguage\":\"nb-NO\"},{\"@type\":\"Organization\",\"@id\":\"http:\\\/\\\/polybrite.no\\\/#organization\",\"name\":\"polybrite.no\",\"url\":\"http:\\\/\\\/polybrite.no\\\/\",\"logo\":{\"@type\":\"ImageObject\",\"inLanguage\":\"nb-NO\",\"@id\":\"http:\\\/\\\/polybrite.no\\\/#\\\/schema\\\/logo\\\/image\\\/\",\"url\":\"https:\\\/\\\/polybrite.no\\\/wp-content\\\/uploads\\\/2025\\\/12\\\/polybrite_Norge_logo_hvit.png\",\"contentUrl\":\"https:\\\/\\\/polybrite.no\\\/wp-content\\\/uploads\\\/2025\\\/12\\\/polybrite_Norge_logo_hvit.png\",\"width\":205,\"height\":54,\"caption\":\"polybrite.no\"},\"image\":{\"@id\":\"http:\\\/\\\/polybrite.no\\\/#\\\/schema\\\/logo\\\/image\\\/\"}}]}<\/script>\n<!-- \/ Yoast SEO plugin. -->","yoast_head_json":{"title":"Om - polybrite.no","robots":{"index":"index","follow":"follow","max-snippet":"max-snippet:-1","max-image-preview":"max-image-preview:large","max-video-preview":"max-video-preview:-1"},"canonical":"https:\/\/polybrite.no\/index.php\/om\/","og_locale":"nb_NO","og_type":"article","og_title":"Om - polybrite.no","og_description":"Om oss Polybrite Norge har levert LED-lysprodukter i det norske markedet siden 2016. Gjennom de siste ti \u00e5rene har vi levert solide l\u00f8sninger til en rekke kjente bygg og bedrifter i Norge. PolyBrite Norge AS &#8211; visjon PolyBrite Norge AS skal levere moderne LED-belysning med h\u00f8y kvalitet, lang levetid og [&hellip;]","og_url":"https:\/\/polybrite.no\/index.php\/om\/","og_site_name":"polybrite.no","article_modified_time":"2026-03-29T21:29:30+00:00","og_image":[{"url":"http:\/\/polybrite.no\/wp-content\/uploads\/2025\/12\/home-office.jpg","type":"","width":"","height":""}],"twitter_card":"summary_large_image","twitter_misc":{"Ansl. lesetid":"1 minutt"},"schema":{"@context":"https:\/\/schema.org","@graph":[{"@type":"WebPage","@id":"https:\/\/polybrite.no\/index.php\/om\/","url":"https:\/\/polybrite.no\/index.php\/om\/","name":"Om - polybrite.no","isPartOf":{"@id":"http:\/\/polybrite.no\/#website"},"primaryImageOfPage":{"@id":"https:\/\/polybrite.no\/index.php\/om\/#primaryimage"},"image":{"@id":"https:\/\/polybrite.no\/index.php\/om\/#primaryimage"},"thumbnailUrl":"http:\/\/polybrite.no\/wp-content\/uploads\/2025\/12\/home-office.jpg","datePublished":"2009-09-08T16:33:06+00:00","dateModified":"2026-03-29T21:29:30+00:00","breadcrumb":{"@id":"https:\/\/polybrite.no\/index.php\/om\/#breadcrumb"},"inLanguage":"nb-NO","potentialAction":[{"@type":"ReadAction","target":["https:\/\/polybrite.no\/index.php\/om\/"]}]},{"@type":"ImageObject","inLanguage":"nb-NO","@id":"https:\/\/polybrite.no\/index.php\/om\/#primaryimage","url":"https:\/\/polybrite.no\/wp-content\/uploads\/2025\/12\/home-office.jpg","contentUrl":"https:\/\/polybrite.no\/wp-content\/uploads\/2025\/12\/home-office.jpg","width":1200,"height":1800},{"@type":"BreadcrumbList","@id":"https:\/\/polybrite.no\/index.php\/om\/#breadcrumb","itemListElement":[{"@type":"ListItem","position":1,"name":"Hjem","item":"http:\/\/polybrite.no\/"},{"@type":"ListItem","position":2,"name":"Om"}]},{"@type":"WebSite","@id":"http:\/\/polybrite.no\/#website","url":"http:\/\/polybrite.no\/","name":"polybrite.no","description":"The future is bright - PolyBrite","publisher":{"@id":"http:\/\/polybrite.no\/#organization"},"potentialAction":[{"@type":"SearchAction","target":{"@type":"EntryPoint","urlTemplate":"http:\/\/polybrite.no\/?s={search_term_string}"},"query-input":{"@type":"PropertyValueSpecification","valueRequired":true,"valueName":"search_term_string"}}],"inLanguage":"nb-NO"},{"@type":"Organization","@id":"http:\/\/polybrite.no\/#organization","name":"polybrite.no","url":"http:\/\/polybrite.no\/","logo":{"@type":"ImageObject","inLanguage":"nb-NO","@id":"http:\/\/polybrite.no\/#\/schema\/logo\/image\/","url":"https:\/\/polybrite.no\/wp-content\/uploads\/2025\/12\/polybrite_Norge_logo_hvit.png","contentUrl":"https:\/\/polybrite.no\/wp-content\/uploads\/2025\/12\/polybrite_Norge_logo_hvit.png","width":205,"height":54,"caption":"polybrite.no"},"image":{"@id":"http:\/\/polybrite.no\/#\/schema\/logo\/image\/"}}]}},"_links":{"self":[{"href":"https:\/\/polybrite.no\/index.php\/wp-json\/wp\/v2\/pages\/4491","targetHints":{"allow":["GET"]}}],"collection":[{"href":"https:\/\/polybrite.no\/index.php\/wp-json\/wp\/v2\/pages"}],"about":[{"href":"https:\/\/polybrite.no\/index.php\/wp-json\/wp\/v2\/types\/page"}],"author":[{"embeddable":true,"href":"https:\/\/polybrite.no\/index.php\/wp-json\/wp\/v2\/users\/2"}],"replies":[{"embeddable":true,"href":"https:\/\/polybrite.no\/index.php\/wp-json\/wp\/v2\/comments?post=4491"}],"version-history":[{"count":22,"href":"https:\/\/polybrite.no\/index.php\/wp-json\/wp\/v2\/pages\/4491\/revisions"}],"predecessor-version":[{"id":9696,"href":"https:\/\/polybrite.no\/index.php\/wp-json\/wp\/v2\/pages\/4491\/revisions\/9696"}],"wp:attachment":[{"href":"https:\/\/polybrite.no\/index.php\/wp-json\/wp\/v2\/media?parent=4491"}],"curies":[{"name":"wp","href":"https:\/\/api.w.org\/{rel}","templated":true}]}}